{"id":2,"date":"2017-12-04T13:29:24","date_gmt":"2017-12-04T12:29:24","guid":{"rendered":"http:\/\/boucledorcoiffure.com\/?page_id=2"},"modified":"2022-09-26T22:40:10","modified_gmt":"2022-09-26T20:40:10","slug":"accueil","status":"publish","type":"page","link":"https:\/\/www.boucledorcoiffure.com\/","title":{"rendered":"LE SALON"},"content":{"rendered":"\t\t<div data-elementor-type=\"wp-page\" data-elementor-id=\"2\" class=\"elementor elementor-2\">\n\t\t\t\t\t\t\t\t\t<section class=\"elementor-section elementor-top-section elementor-element elementor-element-d83f877 elementor-section-height-min-height elementor-section-full_width elementor-section-height-default elementor-section-items-middle sc_fly_static\" data-id=\"d83f877\" data-element_type=\"section\" data-settings=\"{&quot;background_background&quot;:&quot;slideshow&quot;,&quot;background_slideshow_gallery&quot;:[{&quot;id&quot;:536,&quot;url&quot;:&quot;https:\\\/\\\/www.boucledorcoiffure.com\\\/wp-content\\\/uploads\\\/2022\\\/09\\\/good-faces-xmSWVeGEnJw-unsplash-scaled.jpg&quot;},{&quot;id&quot;:535,&quot;url&quot;:&quot;https:\\\/\\\/www.boucledorcoiffure.com\\\/wp-content\\\/uploads\\\/2022\\\/09\\\/huha-inc-Hp-3N5Gl1Ak-unsplash-scaled.jpg&quot;}],&quot;background_slideshow_lazyload&quot;:&quot;yes&quot;,&quot;background_slideshow_loop&quot;:&quot;yes&quot;,&quot;background_slideshow_slide_duration&quot;:5000,&quot;background_slideshow_slide_transition&quot;:&quot;fade&quot;,&quot;background_slideshow_transition_duration&quot;:500}\">\n\t\t\t\t\t\t\t<div class=\"elementor-background-overlay\"><\/div>\n\t\t\t\t\t\t\t<div class=\"elementor-container elementor-column-gap-extended\">\n\t\t\t\t\t<div class=\"elementor-column elementor-col-100 elementor-top-column elementor-element elementor-element-c958267 sc_inner_width_none sc_content_align_inherit sc_layouts_column_icons_position_left sc_fly_static\" data-id=\"c958267\" data-element_type=\"column\">\n\t\t\t<div class=\"elementor-widget-wrap elementor-element-populated\">\n\t\t\t\t\t\t\t\t<div class=\"elementor-element elementor-element-37d3a67 sc_fly_static elementor-widget elementor-widget-heading\" data-id=\"37d3a67\" data-element_type=\"widget\" data-widget_type=\"heading.default\">\n\t\t\t\t<div class=\"elementor-widget-container\">\n\t\t\t<style>\/*! elementor - v3.7.7 - 20-09-2022 *\/\n.elementor-heading-title{padding:0;margin:0;line-height:1}.elementor-widget-heading .elementor-heading-title[class*=elementor-size-]>a{color:inherit;font-size:inherit;line-height:inherit}.elementor-widget-heading .elementor-heading-title.elementor-size-small{font-size:15px}.elementor-widget-heading .elementor-heading-title.elementor-size-medium{font-size:19px}.elementor-widget-heading .elementor-heading-title.elementor-size-large{font-size:29px}.elementor-widget-heading .elementor-heading-title.elementor-size-xl{font-size:39px}.elementor-widget-heading .elementor-heading-title.elementor-size-xxl{font-size:59px}<\/style><h2 class=\"elementor-heading-title elementor-size-default\">BelleS pour toujours.<\/h2>\t\t<\/div>\n\t\t\t\t<\/div>\n\t\t\t\t<div class=\"elementor-element elementor-element-ae23151 sc_fly_static elementor-widget elementor-widget-text-editor\" data-id=\"ae23151\" data-element_type=\"widget\" data-widget_type=\"text-editor.default\">\n\t\t\t\t<div class=\"elementor-widget-container\">\n\t\t\t<style>\/*! elementor - v3.7.7 - 20-09-2022 *\/\n.elementor-widget-text-editor.elementor-drop-cap-view-stacked .elementor-drop-cap{background-color:#818a91;color:#fff}.elementor-widget-text-editor.elementor-drop-cap-view-framed .elementor-drop-cap{color:#818a91;border:3px solid;background-color:transparent}.elementor-widget-text-editor:not(.elementor-drop-cap-view-default) .elementor-drop-cap{margin-top:8px}.elementor-widget-text-editor:not(.elementor-drop-cap-view-default) .elementor-drop-cap-letter{width:1em;height:1em}.elementor-widget-text-editor .elementor-drop-cap{float:left;text-align:center;line-height:1;font-size:50px}.elementor-widget-text-editor .elementor-drop-cap-letter{display:inline-block}<\/style>\t\t\t\t<p>Boucle d&#8217;Or Coiffure, le salon expert des cheveux boucl\u00e9s et fris\u00e9s.<\/p>\t\t\t\t\t\t<\/div>\n\t\t\t\t<\/div>\n\t\t\t\t<div class=\"elementor-element elementor-element-9c99415 sc_fly_static elementor-widget elementor-widget-text-editor\" data-id=\"9c99415\" data-element_type=\"widget\" data-widget_type=\"text-editor.default\">\n\t\t\t\t<div class=\"elementor-widget-container\">\n\t\t\t\t\t\t\t<p><span style=\"font-size: 8pt;\">Uniquement sur rdv.<\/span><\/p>\t\t\t\t\t\t<\/div>\n\t\t\t\t<\/div>\n\t\t\t\t<div class=\"elementor-element elementor-element-42d9e5e elementor-align-left sc_fly_static elementor-widget elementor-widget-button\" data-id=\"42d9e5e\" data-element_type=\"widget\" data-widget_type=\"button.default\">\n\t\t\t\t<div class=\"elementor-widget-container\">\n\t\t\t\t\t<div class=\"elementor-button-wrapper\">\n\t\t\t<a href=\"#contacter\" class=\"elementor-button-link elementor-button elementor-size-xs\" role=\"button\">\n\t\t\t\t\t\t<span class=\"elementor-button-content-wrapper\">\n\t\t\t\t\t\t<span class=\"elementor-button-text\">> Prendre rdv<\/span>\n\t\t<\/span>\n\t\t\t\t\t<\/a>\n\t\t<\/div>\n\t\t\t\t<\/div>\n\t\t\t\t<\/div>\n\t\t\t\t\t<\/div>\n\t\t<\/div>\n\t\t\t\t\t\t\t<\/div>\n\t\t<\/section>\n\t\t\t\t<section class=\"elementor-section elementor-top-section elementor-element elementor-element-0b2dea5 elementor-section-height-min-height elementor-section-boxed elementor-section-height-default elementor-section-items-middle sc_fly_static\" data-id=\"0b2dea5\" data-element_type=\"section\">\n\t\t\t\t\t\t<div class=\"elementor-container elementor-column-gap-extended\">\n\t\t\t\t\t<div class=\"elementor-column elementor-col-100 elementor-top-column elementor-element elementor-element-55095ca sc_inner_width_none sc_content_align_inherit sc_layouts_column_icons_position_left sc_fly_static\" data-id=\"55095ca\" data-element_type=\"column\">\n\t\t\t<div class=\"elementor-widget-wrap elementor-element-populated\">\n\t\t\t\t\t\t\t\t<div class=\"elementor-element elementor-element-789fc20 sc_fly_static elementor-widget elementor-widget-image\" data-id=\"789fc20\" data-element_type=\"widget\" data-widget_type=\"image.default\">\n\t\t\t\t<div class=\"elementor-widget-container\">\n\t\t\t<style>\/*! elementor - v3.7.7 - 20-09-2022 *\/\n.elementor-widget-image{text-align:center}.elementor-widget-image a{display:inline-block}.elementor-widget-image a img[src$=\".svg\"]{width:48px}.elementor-widget-image img{vertical-align:middle;display:inline-block}<\/style>\t\t\t\t\t\t\t\t\t\t\t\t<img width=\"1520\" height=\"2128\" src=\"https:\/\/www.boucledorcoiffure.com\/wp-content\/uploads\/2022\/09\/jessica-felicio-QS9ZX5UnS14-unsplash-1520x2128.jpg\" class=\"attachment-large size-large\" alt=\"\" loading=\"lazy\" srcset=\"https:\/\/www.boucledorcoiffure.com\/wp-content\/uploads\/2022\/09\/jessica-felicio-QS9ZX5UnS14-unsplash-1520x2128.jpg 1520w, https:\/\/www.boucledorcoiffure.com\/wp-content\/uploads\/2022\/09\/jessica-felicio-QS9ZX5UnS14-unsplash-460x644.jpg 460w, https:\/\/www.boucledorcoiffure.com\/wp-content\/uploads\/2022\/09\/jessica-felicio-QS9ZX5UnS14-unsplash-760x1064.jpg 760w, https:\/\/www.boucledorcoiffure.com\/wp-content\/uploads\/2022\/09\/jessica-felicio-QS9ZX5UnS14-unsplash-1097x1536.jpg 1097w, https:\/\/www.boucledorcoiffure.com\/wp-content\/uploads\/2022\/09\/jessica-felicio-QS9ZX5UnS14-unsplash-1463x2048.jpg 1463w, https:\/\/www.boucledorcoiffure.com\/wp-content\/uploads\/2022\/09\/jessica-felicio-QS9ZX5UnS14-unsplash-370x518.jpg 370w, https:\/\/www.boucledorcoiffure.com\/wp-content\/uploads\/2022\/09\/jessica-felicio-QS9ZX5UnS14-unsplash-840x1176.jpg 840w, https:\/\/www.boucledorcoiffure.com\/wp-content\/uploads\/2022\/09\/jessica-felicio-QS9ZX5UnS14-unsplash-410x574.jpg 410w, https:\/\/www.boucledorcoiffure.com\/wp-content\/uploads\/2022\/09\/jessica-felicio-QS9ZX5UnS14-unsplash-600x840.jpg 600w, https:\/\/www.boucledorcoiffure.com\/wp-content\/uploads\/2022\/09\/jessica-felicio-QS9ZX5UnS14-unsplash-scaled.jpg 1829w\" sizes=\"(max-width: 1520px) 100vw, 1520px\" \/>\t\t\t\t\t\t\t\t\t\t\t\t\t\t\t<\/div>\n\t\t\t\t<\/div>\n\t\t\t\t<div class=\"elementor-element elementor-element-0dbb2a1 sc_fly_static elementor-widget elementor-widget-heading\" data-id=\"0dbb2a1\" data-element_type=\"widget\" data-widget_type=\"heading.default\">\n\t\t\t\t<div class=\"elementor-widget-container\">\n\t\t\t<h2 class=\"elementor-heading-title elementor-size-default\">L'excellence<br>au service de vos cheveux<\/h2>\t\t<\/div>\n\t\t\t\t<\/div>\n\t\t\t\t<div class=\"elementor-element elementor-element-ab39fd3 sc_fly_static elementor-widget elementor-widget-text-editor\" data-id=\"ab39fd3\" data-element_type=\"widget\" data-widget_type=\"text-editor.default\">\n\t\t\t\t<div class=\"elementor-widget-container\">\n\t\t\t\t\t\t\t<p>Avec plus de 25 ans d&#8217;exp\u00e9rience dans la coiffure, Solange de Boucle d&#8217;Or Coiffure propose des prestations de qualit\u00e9 et sur-mesure, en mettant au centre le cheveu afin de lui rendre son \u00e9clat.<\/p>\t\t\t\t\t\t<\/div>\n\t\t\t\t<\/div>\n\t\t\t\t<div class=\"elementor-element elementor-element-63d332f elementor-align-center sc_fly_static elementor-widget elementor-widget-button\" data-id=\"63d332f\" data-element_type=\"widget\" data-widget_type=\"button.default\">\n\t\t\t\t<div class=\"elementor-widget-container\">\n\t\t\t\t\t<div class=\"elementor-button-wrapper\">\n\t\t\t<a href=\"https:\/\/www.boucledorcoiffure.com\/index.php\/prestations\/\" class=\"elementor-button-link elementor-button elementor-size-xs\" role=\"button\">\n\t\t\t\t\t\t<span class=\"elementor-button-content-wrapper\">\n\t\t\t\t\t\t<span class=\"elementor-button-text\">> Voir nos prestations<\/span>\n\t\t<\/span>\n\t\t\t\t\t<\/a>\n\t\t<\/div>\n\t\t\t\t<\/div>\n\t\t\t\t<\/div>\n\t\t\t\t\t<\/div>\n\t\t<\/div>\n\t\t\t\t\t\t\t<\/div>\n\t\t<\/section>\n\t\t\t\t<section class=\"elementor-section elementor-top-section elementor-element elementor-element-c1f6fda elementor-section-height-min-height elementor-section-boxed elementor-section-height-default elementor-section-items-middle sc_fly_static\" data-id=\"c1f6fda\" data-element_type=\"section\">\n\t\t\t\t\t\t<div class=\"elementor-container elementor-column-gap-extended\">\n\t\t\t\t\t<div class=\"elementor-column elementor-col-100 elementor-top-column elementor-element elementor-element-a19493a sc_inner_width_none sc_content_align_inherit sc_layouts_column_icons_position_left sc_fly_static\" data-id=\"a19493a\" data-element_type=\"column\">\n\t\t\t<div class=\"elementor-widget-wrap elementor-element-populated\">\n\t\t\t\t\t\t\t\t<div class=\"elementor-element elementor-element-5c1650f sc_fly_static elementor-widget elementor-widget-image\" data-id=\"5c1650f\" data-element_type=\"widget\" data-widget_type=\"image.default\">\n\t\t\t\t<div class=\"elementor-widget-container\">\n\t\t\t\t\t\t\t\t\t\t\t\t\t\t\t<img width=\"1520\" height=\"1013\" src=\"https:\/\/www.boucledorcoiffure.com\/wp-content\/uploads\/2022\/09\/vitae-london-CP0fK30hSrg-unsplash-1520x1013.jpg\" class=\"attachment-large size-large\" alt=\"\" loading=\"lazy\" srcset=\"https:\/\/www.boucledorcoiffure.com\/wp-content\/uploads\/2022\/09\/vitae-london-CP0fK30hSrg-unsplash-1520x1013.jpg 1520w, https:\/\/www.boucledorcoiffure.com\/wp-content\/uploads\/2022\/09\/vitae-london-CP0fK30hSrg-unsplash-460x307.jpg 460w, https:\/\/www.boucledorcoiffure.com\/wp-content\/uploads\/2022\/09\/vitae-london-CP0fK30hSrg-unsplash-760x507.jpg 760w, https:\/\/www.boucledorcoiffure.com\/wp-content\/uploads\/2022\/09\/vitae-london-CP0fK30hSrg-unsplash-1536x1024.jpg 1536w, https:\/\/www.boucledorcoiffure.com\/wp-content\/uploads\/2022\/09\/vitae-london-CP0fK30hSrg-unsplash-2048x1365.jpg 2048w, https:\/\/www.boucledorcoiffure.com\/wp-content\/uploads\/2022\/09\/vitae-london-CP0fK30hSrg-unsplash-370x247.jpg 370w, https:\/\/www.boucledorcoiffure.com\/wp-content\/uploads\/2022\/09\/vitae-london-CP0fK30hSrg-unsplash-840x560.jpg 840w, https:\/\/www.boucledorcoiffure.com\/wp-content\/uploads\/2022\/09\/vitae-london-CP0fK30hSrg-unsplash-410x273.jpg 410w, https:\/\/www.boucledorcoiffure.com\/wp-content\/uploads\/2022\/09\/vitae-london-CP0fK30hSrg-unsplash-600x400.jpg 600w\" sizes=\"(max-width: 1520px) 100vw, 1520px\" \/>\t\t\t\t\t\t\t\t\t\t\t\t\t\t\t<\/div>\n\t\t\t\t<\/div>\n\t\t\t\t<div class=\"elementor-element elementor-element-9619c7e sc_fly_static elementor-widget elementor-widget-heading\" data-id=\"9619c7e\" data-element_type=\"widget\" data-widget_type=\"heading.default\">\n\t\t\t\t<div class=\"elementor-widget-container\">\n\t\t\t<h2 class=\"elementor-heading-title elementor-size-default\">Prenez soin de vos cheveux, quel que soit le type<\/h2>\t\t<\/div>\n\t\t\t\t<\/div>\n\t\t\t\t<div class=\"elementor-element elementor-element-509a08c sc_fly_static elementor-widget elementor-widget-text-editor\" data-id=\"509a08c\" data-element_type=\"widget\" data-widget_type=\"text-editor.default\">\n\t\t\t\t<div class=\"elementor-widget-container\">\n\t\t\t\t\t\t\t<p>Curly, lisse, nappy, fris\u00e9&#8230; Boucle d&#8217;Or Coiffure traite tout type de cheveux. Mettez enfin vos cheveux entre les mains d&#8217;une experte.<\/p>\t\t\t\t\t\t<\/div>\n\t\t\t\t<\/div>\n\t\t\t\t\t<\/div>\n\t\t<\/div>\n\t\t\t\t\t\t\t<\/div>\n\t\t<\/section>\n\t\t\t\t<section class=\"elementor-section elementor-top-section elementor-element elementor-element-fc00736 elementor-section-height-min-height elementor-section-boxed elementor-section-height-default elementor-section-items-middle sc_fly_static\" data-id=\"fc00736\" data-element_type=\"section\">\n\t\t\t\t\t\t<div class=\"elementor-container elementor-column-gap-extended\">\n\t\t\t\t\t<div class=\"elementor-column elementor-col-100 elementor-top-column elementor-element elementor-element-937e6ca sc_inner_width_none sc_content_align_inherit sc_layouts_column_icons_position_left sc_fly_static\" data-id=\"937e6ca\" data-element_type=\"column\">\n\t\t\t<div class=\"elementor-widget-wrap elementor-element-populated\">\n\t\t\t\t\t\t\t\t<div class=\"elementor-element elementor-element-15e5bcf sc_fly_static elementor-widget elementor-widget-image\" data-id=\"15e5bcf\" data-element_type=\"widget\" data-widget_type=\"image.default\">\n\t\t\t\t<div class=\"elementor-widget-container\">\n\t\t\t\t\t\t\t\t\t\t\t\t\t\t\t<img width=\"720\" height=\"480\" src=\"https:\/\/www.boucledorcoiffure.com\/wp-content\/uploads\/2018\/01\/cropped-Photo-2-BC.jpg\" class=\"attachment-large size-large\" alt=\"\" loading=\"lazy\" srcset=\"https:\/\/www.boucledorcoiffure.com\/wp-content\/uploads\/2018\/01\/cropped-Photo-2-BC.jpg 720w, https:\/\/www.boucledorcoiffure.com\/wp-content\/uploads\/2018\/01\/cropped-Photo-2-BC-460x307.jpg 460w, https:\/\/www.boucledorcoiffure.com\/wp-content\/uploads\/2018\/01\/cropped-Photo-2-BC-370x247.jpg 370w, https:\/\/www.boucledorcoiffure.com\/wp-content\/uploads\/2018\/01\/cropped-Photo-2-BC-410x273.jpg 410w, https:\/\/www.boucledorcoiffure.com\/wp-content\/uploads\/2018\/01\/cropped-Photo-2-BC-600x400.jpg 600w\" sizes=\"(max-width: 720px) 100vw, 720px\" \/>\t\t\t\t\t\t\t\t\t\t\t\t\t\t\t<\/div>\n\t\t\t\t<\/div>\n\t\t\t\t<div class=\"elementor-element elementor-element-1410192 sc_fly_static elementor-widget elementor-widget-heading\" data-id=\"1410192\" data-element_type=\"widget\" data-widget_type=\"heading.default\">\n\t\t\t\t<div class=\"elementor-widget-container\">\n\t\t\t<h2 class=\"elementor-heading-title elementor-size-default\">Un salon au coeur de Paris, \u00e0 l'abri des regards<\/h2>\t\t<\/div>\n\t\t\t\t<\/div>\n\t\t\t\t<div class=\"elementor-element elementor-element-b33c736 sc_fly_static elementor-widget elementor-widget-text-editor\" data-id=\"b33c736\" data-element_type=\"widget\" data-widget_type=\"text-editor.default\">\n\t\t\t\t<div class=\"elementor-widget-container\">\n\t\t\t\t\t\t\t<p>Situ\u00e9 dans le 15\u00e8me arrondissement de Paris, Boucle d&#8217;Or vous offre un cadre chaleureux, propre et discret.<\/p>\t\t\t\t\t\t<\/div>\n\t\t\t\t<\/div>\n\t\t\t\t\t<\/div>\n\t\t<\/div>\n\t\t\t\t\t\t\t<\/div>\n\t\t<\/section>\n\t\t\t\t<section class=\"elementor-section elementor-top-section elementor-element elementor-element-91b0737 elementor-section-boxed elementor-section-height-default elementor-section-height-default sc_fly_static\" data-id=\"91b0737\" data-element_type=\"section\">\n\t\t\t\t\t\t<div class=\"elementor-container elementor-column-gap-extended\">\n\t\t\t\t\t<div class=\"elementor-column elementor-col-100 elementor-top-column elementor-element elementor-element-0308228 sc_inner_width_none sc_content_align_inherit sc_layouts_column_icons_position_left sc_fly_static\" data-id=\"0308228\" data-element_type=\"column\">\n\t\t\t<div class=\"elementor-widget-wrap elementor-element-populated\">\n\t\t\t\t\t\t\t\t<div class=\"elementor-element elementor-element-6fcd35a sc_fly_static elementor-widget elementor-widget-menu-anchor\" data-id=\"6fcd35a\" data-element_type=\"widget\" data-widget_type=\"menu-anchor.default\">\n\t\t\t\t<div class=\"elementor-widget-container\">\n\t\t\t<style>\/*! elementor - v3.7.7 - 20-09-2022 *\/\nbody.elementor-page .elementor-widget-menu-anchor{margin-bottom:0}<\/style>\t\t<div id=\"contacter\" class=\"elementor-menu-anchor\"><\/div>\n\t\t\t\t<\/div>\n\t\t\t\t<\/div>\n\t\t\t\t\t<\/div>\n\t\t<\/div>\n\t\t\t\t\t\t\t<\/div>\n\t\t<\/section>\n\t\t\t\t<section class=\"elementor-section elementor-top-section elementor-element elementor-element-bae797d elementor-section-height-min-height elementor-section-boxed elementor-section-height-default elementor-section-items-middle sc_fly_static\" data-id=\"bae797d\" data-element_type=\"section\">\n\t\t\t\t\t\t<div class=\"elementor-container elementor-column-gap-extended\">\n\t\t\t\t\t<div class=\"elementor-column elementor-col-100 elementor-top-column elementor-element elementor-element-d45d1cd sc_inner_width_none sc_content_align_inherit sc_layouts_column_icons_position_left sc_fly_static\" data-id=\"d45d1cd\" data-element_type=\"column\">\n\t\t\t<div class=\"elementor-widget-wrap elementor-element-populated\">\n\t\t\t\t\t\t\t\t<div class=\"elementor-element elementor-element-9010ddc sc_fly_static elementor-widget elementor-widget-heading\" data-id=\"9010ddc\" data-element_type=\"widget\" data-widget_type=\"heading.default\">\n\t\t\t\t<div class=\"elementor-widget-container\">\n\t\t\t<h2 class=\"elementor-heading-title elementor-size-default\">Nous contacter<\/h2>\t\t<\/div>\n\t\t\t\t<\/div>\n\t\t\t\t<section class=\"elementor-section-with-custom-width elementor-section elementor-inner-section elementor-element elementor-element-40b051d elementor-section-boxed elementor-section-height-default elementor-section-height-default sc_fly_static\" data-id=\"40b051d\" data-element_type=\"section\">\n\t\t\t\t\t\t<div class=\"elementor-container elementor-column-gap-narrow\">\n\t\t\t\t\t<div class=\"elementor-column elementor-col-50 elementor-inner-column elementor-element elementor-element-bfb0d47 sc_inner_width_none sc_content_align_inherit sc_layouts_column_icons_position_left sc_fly_static\" data-id=\"bfb0d47\" data-element_type=\"column\">\n\t\t\t<div class=\"elementor-widget-wrap elementor-element-populated\">\n\t\t\t\t\t\t\t\t<div class=\"elementor-element elementor-element-3fd1145 sc_fly_static elementor-widget elementor-widget-text-editor\" data-id=\"3fd1145\" data-element_type=\"widget\" data-widget_type=\"text-editor.default\">\n\t\t\t\t<div class=\"elementor-widget-container\">\n\t\t\t\t\t\t\t<p><strong>Email :<\/strong> <span style=\"text-decoration: underline;\"><span style=\"color: #000080;\"><a style=\"color: #000080; text-decoration: underline;\" href=\"mailto:boucledorcoiffure75@gmail.com\">boucledorcoiffure75@gmail.com<\/a><\/span><\/span><\/p>\n<p><strong>T\u00e9l\u00e9phone :<\/strong> 01 42 50 56 57 <br>06 17 40 36 93&nbsp;<span style=\"font-size: 10pt;\">(SMS uniquement)<\/span><\/p>\t\t\t\t\t\t<\/div>\n\t\t\t\t<\/div>\n\t\t\t\t\t<\/div>\n\t\t<\/div>\n\t\t\t\t<div class=\"elementor-column elementor-col-50 elementor-inner-column elementor-element elementor-element-24e5d5d sc_inner_width_none sc_content_align_inherit sc_layouts_column_icons_position_left sc_fly_static\" data-id=\"24e5d5d\" data-element_type=\"column\">\n\t\t\t<div class=\"elementor-widget-wrap elementor-element-populated\">\n\t\t\t\t\t\t\t\t<div class=\"elementor-element elementor-element-cbc9b54 sc_fly_static elementor-widget elementor-widget-text-editor\" data-id=\"cbc9b54\" data-element_type=\"widget\" data-widget_type=\"text-editor.default\">\n\t\t\t\t<div class=\"elementor-widget-container\">\n\t\t\t\t\t\t\t<p><strong>Adresse :<\/strong> 3 rue de Viroflay, 75015 Paris, France<br \/>_____________________________<\/p><p><span style=\"font-size: 10pt;\">Mardi-Mercredi-Vendredi : 10h30 \u2013 18h30<\/span><br \/><span style=\"font-size: 10pt;\">Jeudi (nocturne) : 11h \u2013 19h30<\/span><br \/><span style=\"font-size: 10pt;\">Samedi : 10h \u2013 18h30<\/span><\/p>\t\t\t\t\t\t<\/div>\n\t\t\t\t<\/div>\n\t\t\t\t\t<\/div>\n\t\t<\/div>\n\t\t\t\t\t\t\t<\/div>\n\t\t<\/section>\n\t\t\t\t<div class=\"elementor-element elementor-element-610d71b sc_fly_static elementor-widget elementor-widget-image\" data-id=\"610d71b\" data-element_type=\"widget\" data-widget_type=\"image.default\">\n\t\t\t\t<div class=\"elementor-widget-container\">\n\t\t\t\t\t\t\t\t\t\t\t\t\t\t\t<img width=\"562\" height=\"268\" src=\"https:\/\/www.boucledorcoiffure.com\/wp-content\/uploads\/2022\/09\/logo-boucle-dor-google.png\" class=\"attachment-large size-large\" alt=\"\" loading=\"lazy\" srcset=\"https:\/\/www.boucledorcoiffure.com\/wp-content\/uploads\/2022\/09\/logo-boucle-dor-google.png 562w, https:\/\/www.boucledorcoiffure.com\/wp-content\/uploads\/2022\/09\/logo-boucle-dor-google-460x219.png 460w, https:\/\/www.boucledorcoiffure.com\/wp-content\/uploads\/2022\/09\/logo-boucle-dor-google-370x176.png 370w, https:\/\/www.boucledorcoiffure.com\/wp-content\/uploads\/2022\/09\/logo-boucle-dor-google-410x196.png 410w\" sizes=\"(max-width: 600px) 100vw, 562px\" \/>\t\t\t\t\t\t\t\t\t\t\t\t\t\t\t<\/div>\n\t\t\t\t<\/div>\n\t\t\t\t\t<\/div>\n\t\t<\/div>\n\t\t\t\t\t\t\t<\/div>\n\t\t<\/section>\n\t\t\t\t\t\t\t<\/div>\n\t\t","protected":false},"excerpt":{"rendered":"<p>BelleS pour toujours. Boucle d&#8217;Or Coiffure, le salon expert des cheveux boucl\u00e9s et fris\u00e9s. Uniquement&hellip;<\/p>\n","protected":false},"author":1,"featured_media":0,"parent":0,"menu_order":1,"comment_status":"closed","ping_status":"closed","template":"","meta":{"_monsterinsights_skip_tracking":false,"_monsterinsights_sitenote_active":false,"_monsterinsights_sitenote_note":"","_monsterinsights_sitenote_category":0,"ngg_post_thumbnail":0},"aioseo_notices":[],"_links":{"self":[{"href":"https:\/\/www.boucledorcoiffure.com\/index.php\/wp-json\/wp\/v2\/pages\/2"}],"collection":[{"href":"https:\/\/www.boucledorcoiffure.com\/index.php\/wp-json\/wp\/v2\/pages"}],"about":[{"href":"https:\/\/www.boucledorcoiffure.com\/index.php\/wp-json\/wp\/v2\/types\/page"}],"author":[{"embeddable":true,"href":"https:\/\/www.boucledorcoiffure.com\/index.php\/wp-json\/wp\/v2\/users\/1"}],"replies":[{"embeddable":true,"href":"https:\/\/www.boucledorcoiffure.com\/index.php\/wp-json\/wp\/v2\/comments?post=2"}],"version-history":[{"count":209,"href":"https:\/\/www.boucledorcoiffure.com\/index.php\/wp-json\/wp\/v2\/pages\/2\/revisions"}],"predecessor-version":[{"id":703,"href":"https:\/\/www.boucledorcoiffure.com\/index.php\/wp-json\/wp\/v2\/pages\/2\/revisions\/703"}],"wp:attachment":[{"href":"https:\/\/www.boucledorcoiffure.com\/index.php\/wp-json\/wp\/v2\/media?parent=2"}],"curies":[{"name":"wp","href":"https:\/\/api.w.org\/{rel}","templated":true}]}}